{"id":195,"date":"2020-11-11T10:03:41","date_gmt":"2020-11-11T10:03:41","guid":{"rendered":"https:\/\/ivergano.com\/brand\/"},"modified":"2025-09-24T12:36:21","modified_gmt":"2025-09-24T12:36:21","slug":"brand-3","status":"publish","type":"page","link":"https:\/\/ivergano.com\/gr\/brand-3\/","title":{"rendered":"Brand"},"content":{"rendered":"<div data-elementor-type=\"wp-page\" data-elementor-id=\"195\" class=\"elementor elementor-195\" data-elementor-post-type=\"page\">\n\t\t\t\t<div class=\"elementor-element elementor-element-f6a0734 e-flex e-con-boxed e-con e-parent\" data-id=\"f6a0734\" data-element_type=\"container\">\n\t\t\t\t\t<div class=\"e-con-inner\">\n\t\t\t\t<div class=\"elementor-element elementor-element-81ec7e6 elementor-widget elementor-widget-heading\" data-id=\"81ec7e6\" data-element_type=\"widget\" data-widget_type=\"heading.default\">\n\t\t\t\t<div class=\"elementor-widget-container\">\n\t\t\t<h2 class=\"elementor-heading-title elementor-size-default\">\u0391\u03c0\u03cc\u03bb\u03c5\u03c4\u03b7 \u03c0\u03bf\u03b9\u03cc\u03c4\u03b7\u03c4\u03b1 \u03ba\u03b1\u03b9 \u03b1\u03c5\u03b8\u03b5\u03bd\u03c4\u03b9\u03ba\u03cc \u03c3\u03c4\u03c5\u03bb\n<\/h2>\t\t<\/div>\n\t\t\t\t<\/div>\n\t\t\t\t<div class=\"elementor-element elementor-element-aafa1fe elementor-widget elementor-widget-text-editor\" data-id=\"aafa1fe\" data-element_type=\"widget\" data-widget_type=\"text-editor.default\">\n\t\t\t\t<div class=\"elementor-widget-container\">\n\t\t\t\t\t\t\t<div class=\"elementor-element elementor-element-cb14311 elementor-widget elementor-widget-heading\" data-id=\"cb14311\" data-element_type=\"widget\" data-widget_type=\"heading.default\"><div class=\"elementor-widget-container\"><h2 class=\"elementor-heading-title elementor-size-default\">\u00a0<\/h2><\/div><\/div><div class=\"elementor-element elementor-element-b2709f4 elementor-widget elementor-widget-spacer\" data-id=\"b2709f4\" data-element_type=\"widget\" data-widget_type=\"spacer.default\"><div class=\"elementor-widget-container\"><div class=\"elementor-spacer\"><div class=\"elementor-spacer-inner\">\u00a0<\/div><\/div><\/div><\/div><div class=\"elementor-element elementor-element-364cb56 elementor-widget__width-initial elementor-widget elementor-widget-text-editor\" data-id=\"364cb56\" data-element_type=\"widget\" data-widget_type=\"text-editor.default\"><div class=\"elementor-widget-container\"><p>\u03a0\u03b9\u03c3\u03c4\u03b5\u03cd\u03bf\u03c5\u03bc\u03b5 \u03c3\u03b5 \u03bc\u03b9\u03b1 \u03b2\u03b1\u03c3\u03b9\u03ba\u03ae, \u03b1\u03b4\u03b9\u03b1\u03bc\u03c6\u03b9\u03c3\u03b2\u03ae\u03c4\u03b7\u03c4\u03b7 \u03b1\u03c1\u03c7\u03ae, \u03cc\u03c4\u03b9 \u03ad\u03bd\u03b1 \u03c0\u03c1\u03bf\u03ca\u03cc\u03bd \u03c0\u03c1\u03ad\u03c0\u03b5\u03b9 \u03bd\u03b1 \u03bf\u03c1\u03af\u03b6\u03b5\u03c4\u03b1\u03b9 \u03b1\u03c0\u03cc \u03c4\u03b7\u03bd \u03c0\u03bf\u03b9\u03cc\u03c4\u03b7\u03c4\u03b1, \u03c4\u03b7\u03bd \u03ba\u03bf\u03bc\u03c8\u03cc\u03c4\u03b7\u03c4\u03b1 \u03ba\u03b1\u03b9 \u03c4\u03b7 \u03b4\u03b9\u03b1\u03c7\u03c1\u03bf\u03bd\u03b9\u03ba\u03cc\u03c4\u03b7\u03c4\u03b1.<\/p><p>\u0397 \u03b3\u03bd\u03ce\u03c3\u03b7 \u03ba\u03b1\u03b9 \u03b7 \u03b5\u03bc\u03c0\u03b5\u03b9\u03c1\u03af\u03b1 \u03c4\u03b7\u03c2 \u03bf\u03bc\u03ac\u03b4\u03b1\u03c2 \u03bc\u03b1\u03c2, \u03b7 \u03b4\u03b9\u03b1\u03b4\u03b9\u03ba\u03b1\u03c3\u03af\u03b1 \u03c0\u03b1\u03c1\u03b1\u03b3\u03c9\u03b3\u03ae\u03c2, \u03c4\u03b1 \u03b5\u03c0\u03b9\u03bb\u03b5\u03b3\u03bc\u03ad\u03bd\u03b1 \u03c5\u03c6\u03ac\u03c3\u03bc\u03b1\u03c4\u03b1 \u03ba\u03b1\u03b9 \u03c5\u03bb\u03b9\u03ba\u03ac, \u03ba\u03b1\u03b8\u03ce\u03c2 \u03ba\u03b1\u03b9 \u03bf \u03c3\u03c7\u03b5\u03b4\u03b9\u03b1\u03c3\u03bc\u03cc\u03c2, \u03b4\u03b9\u03b1\u03c3\u03c6\u03b1\u03bb\u03af\u03b6\u03bf\u03c5\u03bd \u03cc\u03c4\u03b9 \u03ba\u03ac\u03b8\u03b5 \u03c0\u03c1\u03bf\u03ca\u03cc\u03bd \u03c0\u03bf\u03c5 \u03c6\u03ad\u03c1\u03b5\u03b9 \u03c4\u03bf \u03c3\u03ae\u03bc\u03b1 \u00abIvergano\u00bb \u03c3\u03ad\u03b2\u03b5\u03c4\u03b1\u03b9 \u03c4\u03b7\u03bd \u03b1\u03c1\u03c7\u03ae \u03b1\u03c5\u03c4\u03ae.<\/p><p>\u0397 \u03b1\u03c0\u03bf\u03c3\u03c4\u03bf\u03bb\u03ae \u03bc\u03b1\u03c2 \u03b5\u03af\u03bd\u03b1\u03b9 \u03bd\u03b1 \u03b4\u03b7\u03bc\u03b9\u03bf\u03c5\u03c1\u03b3\u03ae\u03c3\u03bf\u03c5\u03bc\u03b5 \u03b5\u03bd\u03b4\u03cd\u03bc\u03b1\u03c4\u03b1 \u03c0\u03bf\u03c5 \u03b9\u03ba\u03b1\u03bd\u03bf\u03c0\u03bf\u03b9\u03bf\u03cd\u03bd \u03c4\u03b9\u03c2 \u03b1\u03c0\u03b1\u03b9\u03c4\u03ae\u03c3\u03b5\u03b9\u03c2 \u03c3\u03b1\u03c2 \u03ba\u03b1\u03b9 \u03b1\u03c0\u03ce\u03c4\u03b5\u03c1\u03bf\u03c2 \u03c3\u03c4\u03cc\u03c7\u03bf\u03c2 \u03bc\u03b1\u03c2 \u03b5\u03af\u03bd\u03b1\u03b9 \u03bd\u03b1 \u03c3\u03c5\u03bd\u03b5\u03c1\u03b3\u03b1\u03c3\u03c4\u03bf\u03cd\u03bc\u03b5 \u03bc\u03b1\u03b6\u03af \u03c3\u03b1\u03c2 \u03bc\u03b1\u03ba\u03c1\u03bf\u03c0\u03c1\u03cc\u03b8\u03b5\u03c3\u03bc\u03b1.<\/p><\/div><\/div>\t\t\t\t\t\t<\/div>\n\t\t\t\t<\/div>\n\t\t\t\t\t<\/div>\n\t\t\t\t<\/div>\n\t\t\t\t<\/div>","protected":false},"excerpt":{"rendered":"<p>Absolute Quality and Authentic Style \u00a0 \u00a0 We believe in a basic, undisputed principle, that a product should be defined [&hellip;]<\/p>","protected":false},"author":2,"featured_media":0,"parent":0,"menu_order":0,"comment_status":"closed","ping_status":"closed","template":"","meta":{"site-sidebar-layout":"no-sidebar","site-content-layout":"","ast-site-content-layout":"full-width-container","site-content-style":"default","site-sidebar-style":"default","ast-global-header-display":"","ast-banner-title-visibility":"","ast-main-header-display":"","ast-hfb-above-header-display":"","ast-hfb-below-header-display":"","ast-hfb-mobile-header-display":"","site-post-title":"disabled","ast-breadcrumbs-content":"","ast-featured-img":"disabled","footer-sml-layout":"","theme-transparent-header-meta":"","adv-header-id-meta":"","stick-header-meta":"","header-above-stick-meta":"","header-main-stick-meta":"","header-below-stick-meta":"","astra-migrate-meta-layouts":"default","ast-page-background-enabled":"default","ast-page-background-meta":{"desktop":{"background-color":"var(--ast-global-color-4)","background-image":"","background-repeat":"repeat","background-position":"center center","background-size":"auto","background-attachment":"scroll","background-type":"","background-media":"","overlay-type":"","overlay-color":"","overlay-opacity":"","overlay-gradient":""},"tablet":{"background-color":"","background-image":"","background-repeat":"repeat","background-position":"center center","background-size":"auto","background-attachment":"scroll","background-type":"","background-media":"","overlay-type":"","overlay-color":"","overlay-opacity":"","overlay-gradient":""},"mobile":{"background-color":"","background-image":"","background-repeat":"repeat","background-position":"center center","background-size":"auto","background-attachment":"scroll","background-type":"","background-media":"","overlay-type":"","overlay-color":"","overlay-opacity":"","overlay-gradient":""}},"ast-content-background-meta":{"desktop":{"background-color":"var(--ast-global-color-5)","background-image":"","background-repeat":"repeat","background-position":"center center","background-size":"auto","background-attachment":"scroll","background-type":"","background-media":"","overlay-type":"","overlay-color":"","overlay-opacity":"","overlay-gradient":""},"tablet":{"background-color":"var(--ast-global-color-5)","background-image":"","background-repeat":"repeat","background-position":"center center","background-size":"auto","background-attachment":"scroll","background-type":"","background-media":"","overlay-type":"","overlay-color":"","overlay-opacity":"","overlay-gradient":""},"mobile":{"background-color":"var(--ast-global-color-5)","background-image":"","background-repeat":"repeat","background-position":"center center","background-size":"auto","background-attachment":"scroll","background-type":"","background-media":"","overlay-type":"","overlay-color":"","overlay-opacity":"","overlay-gradient":""}},"footnotes":""},"class_list":["post-195","page","type-page","status-publish","hentry"],"yoast_head":"<!-- This site is optimized with the Yoast SEO plugin v15.3 - https:\/\/yoast.com\/wordpress\/plugins\/seo\/ -->\n<title>Brand - Ivergano<\/title>\n<meta name=\"description\" content=\"Na\u0161a misija je stvoriti ode\u0107u koja udovoljava va\u0161im zahtevima, a krajnji cilj nam je dugoro\u010dan kontakt sa vama.\" \/>\n<meta name=\"robots\" content=\"index, follow, max-snippet:-1, max-image-preview:large, max-video-preview:-1\" \/>\n<link rel=\"canonical\" href=\"https:\/\/ivergano.com\/gr\/brand-3\/\" \/>\n<script type=\"application\/ld+json\" class=\"yoast-schema-graph\">{\"@context\":\"https:\/\/schema.org\",\"@graph\":[{\"@type\":\"Organization\",\"@id\":\"https:\/\/ivergano.com\/gr\/#organization\",\"name\":\"Ivergano\",\"url\":\"https:\/\/ivergano.com\/gr\/\",\"sameAs\":[],\"logo\":{\"@type\":\"ImageObject\",\"@id\":\"https:\/\/ivergano.com\/gr\/#logo\",\"inLanguage\":\"el\",\"url\":\"https:\/\/ivergano.com\/wp-content\/uploads\/2024\/12\/\\u0391\\u03bd\\u03ce\\u03bd\\u03c5\\u03bc\\u03bf-\\u03c3\\u03c7\\u03ad\\u03b4\\u03b9\\u03bf-6.png\",\"width\":500,\"height\":500,\"caption\":\"Ivergano\"},\"image\":{\"@id\":\"https:\/\/ivergano.com\/gr\/#logo\"}},{\"@type\":\"WebSite\",\"@id\":\"https:\/\/ivergano.com\/gr\/#website\",\"url\":\"https:\/\/ivergano.com\/gr\/\",\"name\":\"Ivergano\",\"description\":\"This is a Man&#039;s World\",\"publisher\":{\"@id\":\"https:\/\/ivergano.com\/gr\/#organization\"},\"potentialAction\":[{\"@type\":\"SearchAction\",\"target\":\"https:\/\/ivergano.com\/gr\/?s={search_term_string}\",\"query-input\":\"required name=search_term_string\"}],\"inLanguage\":\"el\"},{\"@type\":\"WebPage\",\"@id\":\"https:\/\/ivergano.com\/gr\/brand-3\/#webpage\",\"url\":\"https:\/\/ivergano.com\/gr\/brand-3\/\",\"name\":\"Brand - Ivergano\",\"isPartOf\":{\"@id\":\"https:\/\/ivergano.com\/gr\/#website\"},\"datePublished\":\"2020-11-11T10:03:41+00:00\",\"dateModified\":\"2025-09-24T12:36:21+00:00\",\"description\":\"Na\\u0161a misija je stvoriti ode\\u0107u koja udovoljava va\\u0161im zahtevima, a krajnji cilj nam je dugoro\\u010dan kontakt sa vama.\",\"inLanguage\":\"el\",\"potentialAction\":[{\"@type\":\"ReadAction\",\"target\":[\"https:\/\/ivergano.com\/gr\/brand-3\/\"]}]}]}<\/script>\n<!-- \/ Yoast SEO plugin. -->","_links":{"self":[{"href":"https:\/\/ivergano.com\/gr\/wp-json\/wp\/v2\/pages\/195","targetHints":{"allow":["GET"]}}],"collection":[{"href":"https:\/\/ivergano.com\/gr\/wp-json\/wp\/v2\/pages"}],"about":[{"href":"https:\/\/ivergano.com\/gr\/wp-json\/wp\/v2\/types\/page"}],"author":[{"embeddable":true,"href":"https:\/\/ivergano.com\/gr\/wp-json\/wp\/v2\/users\/2"}],"replies":[{"embeddable":true,"href":"https:\/\/ivergano.com\/gr\/wp-json\/wp\/v2\/comments?post=195"}],"version-history":[{"count":3,"href":"https:\/\/ivergano.com\/gr\/wp-json\/wp\/v2\/pages\/195\/revisions"}],"predecessor-version":[{"id":7039,"href":"https:\/\/ivergano.com\/gr\/wp-json\/wp\/v2\/pages\/195\/revisions\/7039"}],"wp:attachment":[{"href":"https:\/\/ivergano.com\/gr\/wp-json\/wp\/v2\/media?parent=195"}],"curies":[{"name":"wp","href":"https:\/\/api.w.org\/{rel}","templated":true}]}}